{"id":2442,"date":"2022-04-04T16:30:15","date_gmt":"2022-04-04T14:30:15","guid":{"rendered":"https:\/\/dahoula.com\/?page_id=2442"},"modified":"2022-04-04T20:14:45","modified_gmt":"2022-04-04T18:14:45","slug":"page-dacceuil","status":"publish","type":"page","link":"https:\/\/dahoula.com\/","title":{"rendered":"Page d&#8217;acceuil"},"content":{"rendered":"\n<pre class=\"wp-block-preformatted has-medium-font-size\">Bienvenue sur Dahoula, votre marque Made in Burkina qui propose des v\u00eatements en pr\u00eats \u00e0 porter et de la coupe sur mesure. <\/pre>\n\n\n\n<h2>Nous vous proposons un large choix de vetements<\/h2>\n\n\n\n<div class=\"wp-block-columns\">\n<div class=\"wp-block-column\">\n<div class=\"wp-block-cover is-light has-custom-content-position is-position-bottom-left\" style=\"min-height:242px\"><span aria-hidden=\"true\" class=\"has-background-dim-0 wp-block-cover__gradient-background has-background-dim\"><\/span><img loading=\"lazy\" width=\"782\" height=\"523\" class=\"wp-block-cover__image-background wp-image-2406\" alt=\"\" src=\"https:\/\/dahoula.com\/wp-content\/uploads\/2022\/04\/8-1.png\" data-object-fit=\"cover\" srcset=\"https:\/\/dahoula.com\/wp-content\/uploads\/2022\/04\/8-1.png 782w, https:\/\/dahoula.com\/wp-content\/uploads\/2022\/04\/8-1-300x201.png 300w, https:\/\/dahoula.com\/wp-content\/uploads\/2022\/04\/8-1-768x514.png 768w\" sizes=\"(max-width: 782px) 100vw, 782px\" \/><div class=\"wp-block-cover__inner-container\">\n<div class=\"wp-container-1 wp-block-buttons\">\n<div class=\"wp-block-button has-custom-font-size\" style=\"font-size:17px\"><a class=\"wp-block-button__link has-background\" style=\"background-color:#fbaa99\">Robes<\/a><\/div>\n<\/div>\n<\/div><\/div>\n\n\n\n<div class=\"wp-block-cover is-light has-custom-content-position is-position-bottom-left\" style=\"min-height:242px\"><span aria-hidden=\"true\" class=\"has-background-dim-0 wp-block-cover__gradient-background has-background-dim\"><\/span><img loading=\"lazy\" width=\"782\" height=\"523\" class=\"wp-block-cover__image-background wp-image-2406\" alt=\"\" src=\"https:\/\/dahoula.com\/wp-content\/uploads\/2022\/04\/8-1.png\" data-object-fit=\"cover\" srcset=\"https:\/\/dahoula.com\/wp-content\/uploads\/2022\/04\/8-1.png 782w, https:\/\/dahoula.com\/wp-content\/uploads\/2022\/04\/8-1-300x201.png 300w, https:\/\/dahoula.com\/wp-content\/uploads\/2022\/04\/8-1-768x514.png 768w\" sizes=\"(max-width: 782px) 100vw, 782px\" \/><div class=\"wp-block-cover__inner-container\">\n<div class=\"wp-container-2 wp-block-buttons\">\n<div class=\"wp-block-button has-custom-font-size\" style=\"font-size:17px\"><a class=\"wp-block-button__link has-background\" style=\"background-color:#fbaa99\">Ensembles<\/a><\/div>\n<\/div>\n<\/div><\/div>\n<\/div>\n\n\n\n<div class=\"wp-block-column\">\n<div class=\"wp-block-cover is-light has-custom-content-position is-position-bottom-left\" style=\"min-height:242px\"><span aria-hidden=\"true\" class=\"has-background-dim-0 wp-block-cover__gradient-background has-background-dim\"><\/span><img loading=\"lazy\" width=\"782\" height=\"523\" class=\"wp-block-cover__image-background wp-image-2406\" alt=\"\" src=\"https:\/\/dahoula.com\/wp-content\/uploads\/2022\/04\/8-1.png\" data-object-fit=\"cover\" srcset=\"https:\/\/dahoula.com\/wp-content\/uploads\/2022\/04\/8-1.png 782w, https:\/\/dahoula.com\/wp-content\/uploads\/2022\/04\/8-1-300x201.png 300w, https:\/\/dahoula.com\/wp-content\/uploads\/2022\/04\/8-1-768x514.png 768w\" sizes=\"(max-width: 782px) 100vw, 782px\" \/><div class=\"wp-block-cover__inner-container\">\n<div class=\"wp-container-3 wp-block-buttons\">\n<div class=\"wp-block-button has-custom-font-size is-style-fill\" style=\"font-size:17px\"><a class=\"wp-block-button__link has-background\" style=\"background-color:#fbaa99\">Tenues de ceremonies<\/a><\/div>\n<\/div>\n<\/div><\/div>\n\n\n\n<div class=\"wp-block-cover is-light has-custom-content-position is-position-bottom-left\" style=\"min-height:242px\"><span aria-hidden=\"true\" class=\"has-background-dim-0 wp-block-cover__gradient-background has-background-dim\"><\/span><img loading=\"lazy\" width=\"782\" height=\"523\" class=\"wp-block-cover__image-background wp-image-2406\" alt=\"\" src=\"https:\/\/dahoula.com\/wp-content\/uploads\/2022\/04\/8-1.png\" data-object-fit=\"cover\" srcset=\"https:\/\/dahoula.com\/wp-content\/uploads\/2022\/04\/8-1.png 782w, https:\/\/dahoula.com\/wp-content\/uploads\/2022\/04\/8-1-300x201.png 300w, https:\/\/dahoula.com\/wp-content\/uploads\/2022\/04\/8-1-768x514.png 768w\" sizes=\"(max-width: 782px) 100vw, 782px\" \/><div class=\"wp-block-cover__inner-container\">\n<div class=\"wp-container-4 wp-block-buttons\">\n<div class=\"wp-block-button has-custom-font-size\" style=\"font-size:17px\"><a class=\"wp-block-button__link has-background\" style=\"background-color:#fbaa99\">Tuniques<\/a><\/div>\n<\/div>\n<\/div><\/div>\n<\/div>\n\n\n\n<div class=\"wp-block-column\">\n<div class=\"wp-block-cover is-light has-custom-content-position is-position-bottom-left\" style=\"min-height:243px\"><span aria-hidden=\"true\" class=\"has-background-dim-0 wp-block-cover__gradient-background has-background-dim\"><\/span><img loading=\"lazy\" width=\"782\" height=\"523\" class=\"wp-block-cover__image-background wp-image-2406\" alt=\"\" src=\"https:\/\/dahoula.com\/wp-content\/uploads\/2022\/04\/8-1.png\" data-object-fit=\"cover\" srcset=\"https:\/\/dahoula.com\/wp-content\/uploads\/2022\/04\/8-1.png 782w, https:\/\/dahoula.com\/wp-content\/uploads\/2022\/04\/8-1-300x201.png 300w, https:\/\/dahoula.com\/wp-content\/uploads\/2022\/04\/8-1-768x514.png 768w\" sizes=\"(max-width: 782px) 100vw, 782px\" \/><div class=\"wp-block-cover__inner-container\">\n<div class=\"wp-container-5 wp-block-buttons\">\n<div class=\"wp-block-button has-custom-font-size\" style=\"font-size:17px\"><a class=\"wp-block-button__link has-background\" style=\"background-color:#fbaa99\">Jupes<\/a><\/div>\n<\/div>\n<\/div><\/div>\n\n\n\n<div class=\"wp-block-cover is-light has-custom-content-position is-position-bottom-left\" style=\"min-height:243px\"><span aria-hidden=\"true\" class=\"has-background-dim-0 wp-block-cover__gradient-background has-background-dim\"><\/span><img loading=\"lazy\" width=\"782\" height=\"523\" class=\"wp-block-cover__image-background wp-image-2406\" alt=\"\" src=\"https:\/\/dahoula.com\/wp-content\/uploads\/2022\/04\/8-1.png\" data-object-fit=\"cover\" srcset=\"https:\/\/dahoula.com\/wp-content\/uploads\/2022\/04\/8-1.png 782w, https:\/\/dahoula.com\/wp-content\/uploads\/2022\/04\/8-1-300x201.png 300w, https:\/\/dahoula.com\/wp-content\/uploads\/2022\/04\/8-1-768x514.png 768w\" sizes=\"(max-width: 782px) 100vw, 782px\" \/><div class=\"wp-block-cover__inner-container\">\n<div class=\"wp-container-6 wp-block-buttons alignfull\">\n<div class=\"wp-block-button has-custom-font-size\" style=\"font-size:17px\"><a class=\"wp-block-button__link has-background\" style=\"background-color:#fbaa99\">Abayas<\/a><\/div>\n<\/div>\n<\/div><\/div>\n<\/div>\n<\/div>\n\n\n\n<div style=\"height:100px\" aria-hidden=\"true\" class=\"wp-block-spacer\"><\/div>\n\n\n\n<div class=\"wp-block-image\"><figure class=\"alignleft size-full\"><img loading=\"lazy\" width=\"415\" height=\"630\" src=\"https:\/\/dahoula.com\/wp-content\/uploads\/2022\/04\/About1.png\" alt=\"\" class=\"wp-image-2446\" srcset=\"https:\/\/dahoula.com\/wp-content\/uploads\/2022\/04\/About1.png 415w, https:\/\/dahoula.com\/wp-content\/uploads\/2022\/04\/About1-198x300.png 198w\" sizes=\"(max-width: 415px) 100vw, 415px\" \/><\/figure><\/div>\n\n\n\n<p><\/p>\n\n\n\n<p><strong>DAHOULA<\/strong><\/p>\n\n\n\n<p>Dahoula est consacr\u00e9e au pr\u00eat \u00e0 porter et \u00e0 la mode pour toutes les femmes qui desirent etre en armonie avec elle meme.<\/p>\n\n\n\n<p>It has survived not only five centuries, but also the leap into electronic typesetting, remaining essentially unchanged. It was popularised in the 1960s with the release of Letraset sheets containing Lorem Ipsum passages, and more recently with desktop publishing software like Aldus PageMaker including versions of Lorem Ipsum.<\/p>\n\n\n\n<p>N&#8217;h\u00e9site plus et adopte notre marque de v\u00eatement pour musulmanes. Ici tu trouveras des robes de soir\u00e9e musulmane, jupe pour femme musulmane, robe orientale et bien d&#8217;autres habits pour femmes musulmans.<\/p>\n\n\n\n<p>N&#8217;h\u00e9site plus et adopte notre marque de v\u00eatement pour musulmanes. Ici tu trouveras des robes de soir\u00e9e musulmane, jupe pour femme musulmane, robe orientale et bien d&#8217;autres habits pour femmes musulmans.<\/p>\n\n\n\n<p><\/p>\n\n\n\n<p>L&#8217;equipe Dahoula<\/p>\n\n\n\n<div style=\"height:100px\" aria-hidden=\"true\" class=\"wp-block-spacer\"><\/div>\n\n\n        <div class='wp-block-csb-content-slider-block align' id='csbContentSlider-83f80ef4-0637-4a90-ba31-cbdd3c79b291' data-slider='{&quot;slides&quot;:[{&quot;background&quot;:{&quot;color&quot;:&quot;#00000080&quot;,&quot;type&quot;:&quot;image&quot;,&quot;gradient&quot;:&quot;linear-gradient(135deg, #4527a4, #8344c5)&quot;,&quot;image&quot;:{&quot;id&quot;:2492,&quot;url&quot;:&quot;https:\\\/\\\/dahoula.com\\\/wp-content\\\/uploads\\\/2022\\\/04\\\/WEBINAR-Facebook-Post-1000-\\u00d7-788-px-1.png&quot;,&quot;alt&quot;:&quot;&quot;,&quot;title&quot;:&quot;WEBINAR (Facebook Post) (1000 \\u00d7 788 px) (1)&quot;},&quot;position&quot;:&quot;center center&quot;,&quot;attachment&quot;:&quot;initial&quot;,&quot;repeat&quot;:&quot;no-repeat&quot;,&quot;size&quot;:&quot;cover&quot;,&quot;overlayColor&quot;:&quot;rgba(13, 13, 13, 0.13)&quot;,&quot;styles&quot;:&quot;background-image: url(https:\\\/\\\/dahoula.com\\\/wp-content\\\/uploads\\\/2022\\\/04\\\/WEBINAR-Facebook-Post-1000-\\u00d7-788-px-1.png); background-position: center center; background-size: cover; background-repeat: no-repeat; background-color: rgba(13, 13, 13, 0.13); background-blend-mode: overlay;&quot;},&quot;position&quot;:&quot;&quot;,&quot;childPositions&quot;:[{&quot;top&quot;:&quot;32.000&quot;,&quot;left&quot;:&quot;44.286&quot;},{&quot;top&quot;:&quot;56.000&quot;,&quot;left&quot;:&quot;32.379&quot;},{&quot;top&quot;:55,&quot;left&quot;:42.083333333333336}],&quot;title&quot;:&quot;Yousra&quot;,&quot;titleColor&quot;:&quot;rgba(0, 0, 0, 1)&quot;,&quot;description&quot;:&quot;Je suis satisfaite de mon achat chez Dahoula&quot;,&quot;descColor&quot;:&quot;rgba(0, 0, 0, 1)&quot;,&quot;btnText&quot;:&quot;Button 2&quot;,&quot;btnLink&quot;:&quot;#&quot;,&quot;btnColors&quot;:{&quot;color&quot;:&quot;#fff&quot;,&quot;bg&quot;:&quot;#4527a4&quot;,&quot;bgType&quot;:&quot;solid&quot;,&quot;gradient&quot;:&quot;linear-gradient(135deg, #4527a4, #8344c5)&quot;,&quot;styles&quot;:&quot;color: #fff; background: #4527a4;&quot;},&quot;btnHovColors&quot;:{&quot;color&quot;:&quot;#fff&quot;,&quot;bg&quot;:&quot;#8344c5&quot;,&quot;bgType&quot;:&quot;solid&quot;,&quot;gradient&quot;:&quot;linear-gradient(135deg, #4527a4, #8344c5)&quot;,&quot;styles&quot;:&quot;color: #fff; background: #8344c5;&quot;}},{&quot;background&quot;:{&quot;color&quot;:&quot;#00000080&quot;,&quot;type&quot;:&quot;image&quot;,&quot;gradient&quot;:&quot;linear-gradient(135deg, #4527a4, #8344c5)&quot;,&quot;image&quot;:{&quot;id&quot;:2492,&quot;url&quot;:&quot;https:\\\/\\\/dahoula.com\\\/wp-content\\\/uploads\\\/2022\\\/04\\\/WEBINAR-Facebook-Post-1000-\\u00d7-788-px-1.png&quot;,&quot;alt&quot;:&quot;&quot;,&quot;title&quot;:&quot;WEBINAR (Facebook Post) (1000 \\u00d7 788 px) (1)&quot;},&quot;position&quot;:&quot;center center&quot;,&quot;attachment&quot;:&quot;initial&quot;,&quot;repeat&quot;:&quot;no-repeat&quot;,&quot;size&quot;:&quot;cover&quot;,&quot;overlayColor&quot;:&quot;rgba(13, 13, 13, 0.13)&quot;,&quot;styles&quot;:&quot;background-image: url(https:\\\/\\\/dahoula.com\\\/wp-content\\\/uploads\\\/2022\\\/04\\\/WEBINAR-Facebook-Post-1000-\\u00d7-788-px-1.png); background-position: center center; background-size: cover; background-repeat: no-repeat; background-color: rgba(13, 13, 13, 0.13); background-blend-mode: overlay;&quot;},&quot;position&quot;:&quot;&quot;,&quot;childPositions&quot;:[{&quot;top&quot;:&quot;32.000&quot;,&quot;left&quot;:&quot;44.286&quot;},{&quot;top&quot;:&quot;56.000&quot;,&quot;left&quot;:&quot;32.379&quot;},{&quot;top&quot;:55,&quot;left&quot;:42.083333333333336}],&quot;title&quot;:&quot;Yousra&quot;,&quot;titleColor&quot;:&quot;rgba(0, 0, 0, 1)&quot;,&quot;description&quot;:&quot;Je suis satisfaite de mon achat chez Dahoula&quot;,&quot;descColor&quot;:&quot;rgba(0, 0, 0, 1)&quot;,&quot;btnText&quot;:&quot;Button 2&quot;,&quot;btnLink&quot;:&quot;#&quot;,&quot;btnColors&quot;:{&quot;color&quot;:&quot;#fff&quot;,&quot;bg&quot;:&quot;#4527a4&quot;,&quot;bgType&quot;:&quot;solid&quot;,&quot;gradient&quot;:&quot;linear-gradient(135deg, #4527a4, #8344c5)&quot;,&quot;styles&quot;:&quot;color: #fff; background: #4527a4;&quot;},&quot;btnHovColors&quot;:{&quot;color&quot;:&quot;#fff&quot;,&quot;bg&quot;:&quot;#8344c5&quot;,&quot;bgType&quot;:&quot;solid&quot;,&quot;gradient&quot;:&quot;linear-gradient(135deg, #4527a4, #8344c5)&quot;,&quot;styles&quot;:&quot;color: #fff; background: #8344c5;&quot;}},{&quot;background&quot;:{&quot;color&quot;:&quot;#00000080&quot;,&quot;type&quot;:&quot;image&quot;,&quot;gradient&quot;:&quot;linear-gradient(135deg, #4527a4, #8344c5)&quot;,&quot;image&quot;:{&quot;id&quot;:2492,&quot;url&quot;:&quot;https:\\\/\\\/dahoula.com\\\/wp-content\\\/uploads\\\/2022\\\/04\\\/WEBINAR-Facebook-Post-1000-\\u00d7-788-px-1.png&quot;,&quot;alt&quot;:&quot;&quot;,&quot;title&quot;:&quot;WEBINAR (Facebook Post) (1000 \\u00d7 788 px) (1)&quot;},&quot;position&quot;:&quot;center center&quot;,&quot;attachment&quot;:&quot;initial&quot;,&quot;repeat&quot;:&quot;no-repeat&quot;,&quot;size&quot;:&quot;cover&quot;,&quot;overlayColor&quot;:&quot;rgba(13, 13, 13, 0.13)&quot;,&quot;styles&quot;:&quot;background-image: url(https:\\\/\\\/dahoula.com\\\/wp-content\\\/uploads\\\/2022\\\/04\\\/WEBINAR-Facebook-Post-1000-\\u00d7-788-px-1.png); background-position: center center; background-size: cover; background-repeat: no-repeat; background-color: rgba(13, 13, 13, 0.13); background-blend-mode: overlay;&quot;},&quot;position&quot;:&quot;&quot;,&quot;childPositions&quot;:[{&quot;top&quot;:&quot;32.000&quot;,&quot;left&quot;:&quot;44.286&quot;},{&quot;top&quot;:&quot;56.000&quot;,&quot;left&quot;:&quot;32.379&quot;},{&quot;top&quot;:55,&quot;left&quot;:42.083333333333336}],&quot;title&quot;:&quot;Yousra&quot;,&quot;titleColor&quot;:&quot;rgba(0, 0, 0, 1)&quot;,&quot;description&quot;:&quot;Je suis satisfaite de mon achat chez Dahoula&quot;,&quot;descColor&quot;:&quot;rgba(0, 0, 0, 1)&quot;,&quot;btnText&quot;:&quot;Button 2&quot;,&quot;btnLink&quot;:&quot;#&quot;,&quot;btnColors&quot;:{&quot;color&quot;:&quot;#fff&quot;,&quot;bg&quot;:&quot;#4527a4&quot;,&quot;bgType&quot;:&quot;solid&quot;,&quot;gradient&quot;:&quot;linear-gradient(135deg, #4527a4, #8344c5)&quot;,&quot;styles&quot;:&quot;color: #fff; background: #4527a4;&quot;},&quot;btnHovColors&quot;:{&quot;color&quot;:&quot;#fff&quot;,&quot;bg&quot;:&quot;#8344c5&quot;,&quot;bgType&quot;:&quot;solid&quot;,&quot;gradient&quot;:&quot;linear-gradient(135deg, #4527a4, #8344c5)&quot;,&quot;styles&quot;:&quot;color: #fff; background: #8344c5;&quot;}},{&quot;background&quot;:{&quot;color&quot;:&quot;#00000080&quot;,&quot;type&quot;:&quot;image&quot;,&quot;gradient&quot;:&quot;linear-gradient(135deg, #4527a4, #8344c5)&quot;,&quot;image&quot;:{&quot;id&quot;:2492,&quot;url&quot;:&quot;https:\\\/\\\/dahoula.com\\\/wp-content\\\/uploads\\\/2022\\\/04\\\/WEBINAR-Facebook-Post-1000-\\u00d7-788-px-1.png&quot;,&quot;alt&quot;:&quot;&quot;,&quot;title&quot;:&quot;WEBINAR (Facebook Post) (1000 \\u00d7 788 px) (1)&quot;},&quot;position&quot;:&quot;center center&quot;,&quot;attachment&quot;:&quot;initial&quot;,&quot;repeat&quot;:&quot;no-repeat&quot;,&quot;size&quot;:&quot;cover&quot;,&quot;overlayColor&quot;:&quot;rgba(13, 13, 13, 0.13)&quot;,&quot;styles&quot;:&quot;background-image: url(https:\\\/\\\/dahoula.com\\\/wp-content\\\/uploads\\\/2022\\\/04\\\/WEBINAR-Facebook-Post-1000-\\u00d7-788-px-1.png); background-position: center center; background-size: cover; background-repeat: no-repeat; background-color: rgba(13, 13, 13, 0.13); background-blend-mode: overlay;&quot;},&quot;position&quot;:&quot;&quot;,&quot;childPositions&quot;:[{&quot;top&quot;:&quot;32.000&quot;,&quot;left&quot;:&quot;44.286&quot;},{&quot;top&quot;:&quot;56.000&quot;,&quot;left&quot;:&quot;32.379&quot;},{&quot;top&quot;:55,&quot;left&quot;:42.083333333333336}],&quot;title&quot;:&quot;Yousra&quot;,&quot;titleColor&quot;:&quot;rgba(0, 0, 0, 1)&quot;,&quot;description&quot;:&quot;Je suis satisfaite de mon achat chez Dahoula&quot;,&quot;descColor&quot;:&quot;rgba(0, 0, 0, 1)&quot;,&quot;btnText&quot;:&quot;Button 2&quot;,&quot;btnLink&quot;:&quot;#&quot;,&quot;btnColors&quot;:{&quot;color&quot;:&quot;#fff&quot;,&quot;bg&quot;:&quot;#4527a4&quot;,&quot;bgType&quot;:&quot;solid&quot;,&quot;gradient&quot;:&quot;linear-gradient(135deg, #4527a4, #8344c5)&quot;,&quot;styles&quot;:&quot;color: #fff; background: #4527a4;&quot;},&quot;btnHovColors&quot;:{&quot;color&quot;:&quot;#fff&quot;,&quot;bg&quot;:&quot;#8344c5&quot;,&quot;bgType&quot;:&quot;solid&quot;,&quot;gradient&quot;:&quot;linear-gradient(135deg, #4527a4, #8344c5)&quot;,&quot;styles&quot;:&quot;color: #fff; background: #8344c5;&quot;}}],&quot;columns&quot;:{&quot;desktop&quot;:1,&quot;tablet&quot;:1,&quot;mobile&quot;:1},&quot;columnGap&quot;:15,&quot;isLoop&quot;:true,&quot;isTouchMove&quot;:false,&quot;isAutoplay&quot;:true,&quot;speed&quot;:1.5,&quot;effect&quot;:&quot;slide&quot;,&quot;isPageClickable&quot;:true,&quot;isPageDynamic&quot;:true}'>\n            <style>@import url( https:\/\/fonts.googleapis.com\/css2?family=Open+Sans&#038;display=swap ); @import url( https:\/\/fonts.googleapis.com\/css2?family=Open+Sans&#038;display=swap ); @import url( https:\/\/fonts.googleapis.com\/css2?family=Open+Sans&#038;display=swap );#csbContentSlider-83f80ef4-0637-4a90-ba31-cbdd3c79b291 {  text-align: center; }#csbContentSlider-83f80ef4-0637-4a90-ba31-cbdd3c79b291 .csbContentSlider {  width: 100%; height: 200px; }#csbContentSlider-83f80ef4-0637-4a90-ba31-cbdd3c79b291 .csbContentSlider .slide {  height: 200px; }#csbContentSlider-83f80ef4-0637-4a90-ba31-cbdd3c79b291 .csbContentSlider .slide .sliderTitle { font-size: 25px; line-height: 135%; }#csbContentSlider-83f80ef4-0637-4a90-ba31-cbdd3c79b291 .csbContentSlider .slide .sliderDescription { font-size: 15px; font-style: italic; line-height: 135%; }#csbContentSlider-83f80ef4-0637-4a90-ba31-cbdd3c79b291 .csbContentSlider .slide .sliderBtn { font-size: 16px; line-height: 135%; padding: 12px 35px;border-radius: 3px; }#csbContentSlider-83f80ef4-0637-4a90-ba31-cbdd3c79b291 .csbContentSlider .swiper-pagination .swiper-pagination-bullet {  background: rgba(251, 170, 153, 1); width: 15px; height: 15px;border-radius: 50%; }#csbContentSlider-83f80ef4-0637-4a90-ba31-cbdd3c79b291 .csbContentSlider .swiper-button-prev, #csbContentSlider-83f80ef4-0637-4a90-ba31-cbdd3c79b291 .csbContentSlider .swiper-button-next {  color: #fff; }#csbContentSlider-83f80ef4-0637-4a90-ba31-cbdd3c79b291 .csbContentSlider .slide-0{ background-image: url(https:\/\/dahoula.com\/wp-content\/uploads\/2022\/04\/WEBINAR-Facebook-Post-1000-\u00d7-788-px-1.png); background-position: center center; background-size: cover; background-repeat: no-repeat; background-color: rgba(13, 13, 13, 0.13); background-blend-mode: overlay; }#csbContentSlider-83f80ef4-0637-4a90-ba31-cbdd3c79b291 .csbContentSlider .slide-0 .sliderTitle{ color: rgba(0, 0, 0, 1); }#csbContentSlider-83f80ef4-0637-4a90-ba31-cbdd3c79b291 .csbContentSlider .slide-0 .sliderDescription{ color: rgba(0, 0, 0, 1); }#csbContentSlider-83f80ef4-0637-4a90-ba31-cbdd3c79b291 .csbContentSlider .slide-0 .sliderBtn{ color: #fff; background: #4527a4; }#csbContentSlider-83f80ef4-0637-4a90-ba31-cbdd3c79b291 .csbContentSlider .slide-0 .sliderBtn:hover{ color: #fff; background: #8344c5; }#csbContentSlider-83f80ef4-0637-4a90-ba31-cbdd3c79b291 .csbContentSlider .slide-1{ background-image: url(https:\/\/dahoula.com\/wp-content\/uploads\/2022\/04\/WEBINAR-Facebook-Post-1000-\u00d7-788-px-1.png); background-position: center center; background-size: cover; background-repeat: no-repeat; background-color: rgba(13, 13, 13, 0.13); background-blend-mode: overlay; }#csbContentSlider-83f80ef4-0637-4a90-ba31-cbdd3c79b291 .csbContentSlider .slide-1 .sliderTitle{ color: rgba(0, 0, 0, 1); }#csbContentSlider-83f80ef4-0637-4a90-ba31-cbdd3c79b291 .csbContentSlider .slide-1 .sliderDescription{ color: rgba(0, 0, 0, 1); }#csbContentSlider-83f80ef4-0637-4a90-ba31-cbdd3c79b291 .csbContentSlider .slide-1 .sliderBtn{ color: #fff; background: #4527a4; }#csbContentSlider-83f80ef4-0637-4a90-ba31-cbdd3c79b291 .csbContentSlider .slide-1 .sliderBtn:hover{ color: #fff; background: #8344c5; }#csbContentSlider-83f80ef4-0637-4a90-ba31-cbdd3c79b291 .csbContentSlider .slide-2{ background-image: url(https:\/\/dahoula.com\/wp-content\/uploads\/2022\/04\/WEBINAR-Facebook-Post-1000-\u00d7-788-px-1.png); background-position: center center; background-size: cover; background-repeat: no-repeat; background-color: rgba(13, 13, 13, 0.13); background-blend-mode: overlay; }#csbContentSlider-83f80ef4-0637-4a90-ba31-cbdd3c79b291 .csbContentSlider .slide-2 .sliderTitle{ color: rgba(0, 0, 0, 1); }#csbContentSlider-83f80ef4-0637-4a90-ba31-cbdd3c79b291 .csbContentSlider .slide-2 .sliderDescription{ color: rgba(0, 0, 0, 1); }#csbContentSlider-83f80ef4-0637-4a90-ba31-cbdd3c79b291 .csbContentSlider .slide-2 .sliderBtn{ color: #fff; background: #4527a4; }#csbContentSlider-83f80ef4-0637-4a90-ba31-cbdd3c79b291 .csbContentSlider .slide-2 .sliderBtn:hover{ color: #fff; background: #8344c5; }#csbContentSlider-83f80ef4-0637-4a90-ba31-cbdd3c79b291 .csbContentSlider .slide-3{ background-image: url(https:\/\/dahoula.com\/wp-content\/uploads\/2022\/04\/WEBINAR-Facebook-Post-1000-\u00d7-788-px-1.png); background-position: center center; background-size: cover; background-repeat: no-repeat; background-color: rgba(13, 13, 13, 0.13); background-blend-mode: overlay; }#csbContentSlider-83f80ef4-0637-4a90-ba31-cbdd3c79b291 .csbContentSlider .slide-3 .sliderTitle{ color: rgba(0, 0, 0, 1); }#csbContentSlider-83f80ef4-0637-4a90-ba31-cbdd3c79b291 .csbContentSlider .slide-3 .sliderDescription{ color: rgba(0, 0, 0, 1); }#csbContentSlider-83f80ef4-0637-4a90-ba31-cbdd3c79b291 .csbContentSlider .slide-3 .sliderBtn{ color: #fff; background: #4527a4; }#csbContentSlider-83f80ef4-0637-4a90-ba31-cbdd3c79b291 .csbContentSlider .slide-3 .sliderBtn:hover{ color: #fff; background: #8344c5; }            <\/style>\n            <style class='csbContentSliderStyle'><\/style>\n\n            <div class='csbContentSlider'>\n                <div class='swiper-wrapper'>\n                                            <div class='slide slide-0 swiper-slide'>\n                            <div class='sliderContent'>\n                                <h2 class='sliderTitle'>Yousra<\/h2>                                <p class='sliderDescription'>Je suis satisfaite de mon achat chez Dahoula<\/p>                                                            <\/div>\n                        <\/div>\n                                            <div class='slide slide-1 swiper-slide'>\n                            <div class='sliderContent'>\n                                <h2 class='sliderTitle'>Yousra<\/h2>                                <p class='sliderDescription'>Je suis satisfaite de mon achat chez Dahoula<\/p>                                                            <\/div>\n                        <\/div>\n                                            <div class='slide slide-2 swiper-slide'>\n                            <div class='sliderContent'>\n                                <h2 class='sliderTitle'>Yousra<\/h2>                                <p class='sliderDescription'>Je suis satisfaite de mon achat chez Dahoula<\/p>                                                            <\/div>\n                        <\/div>\n                                            <div class='slide slide-3 swiper-slide'>\n                            <div class='sliderContent'>\n                                <h2 class='sliderTitle'>Yousra<\/h2>                                <p class='sliderDescription'>Je suis satisfaite de mon achat chez Dahoula<\/p>                                                            <\/div>\n                        <\/div>\n                                    <\/div>\n                <div class='swiper-pagination'><\/div>                <div class='swiper-button-prev'><\/div><div class='swiper-button-next'><\/div>            <\/div>\n        <\/div>\n\n        ","protected":false},"excerpt":{"rendered":"<p>Bienvenue sur Dahoula, votre marque Made in Burkina qui propose des v\u00eatements en pr\u00eats \u00e0 porter et de la coupe sur mesure. Nous vous proposons un large choix de vetements DAHOULA Dahoula est consacr\u00e9e&#8230;<\/p>\n","protected":false},"author":1,"featured_media":0,"parent":0,"menu_order":0,"comment_status":"closed","ping_status":"closed","template":"","meta":[],"_links":{"self":[{"href":"https:\/\/dahoula.com\/index.php\/wp-json\/wp\/v2\/pages\/2442"}],"collection":[{"href":"https:\/\/dahoula.com\/index.php\/wp-json\/wp\/v2\/pages"}],"about":[{"href":"https:\/\/dahoula.com\/index.php\/wp-json\/wp\/v2\/types\/page"}],"author":[{"embeddable":true,"href":"https:\/\/dahoula.com\/index.php\/wp-json\/wp\/v2\/users\/1"}],"replies":[{"embeddable":true,"href":"https:\/\/dahoula.com\/index.php\/wp-json\/wp\/v2\/comments?post=2442"}],"version-history":[{"count":24,"href":"https:\/\/dahoula.com\/index.php\/wp-json\/wp\/v2\/pages\/2442\/revisions"}],"predecessor-version":[{"id":2529,"href":"https:\/\/dahoula.com\/index.php\/wp-json\/wp\/v2\/pages\/2442\/revisions\/2529"}],"wp:attachment":[{"href":"https:\/\/dahoula.com\/index.php\/wp-json\/wp\/v2\/media?parent=2442"}],"curies":[{"name":"wp","href":"https:\/\/api.w.org\/{rel}","templated":true}]}}